{"id":618,"date":"2021-05-05T21:00:55","date_gmt":"2021-05-06T02:00:55","guid":{"rendered":"https:\/\/bslthemes.com\/tastyc\/?page_id=618"},"modified":"2023-04-24T15:14:40","modified_gmt":"2023-04-24T20:14:40","slug":"jorge-david-gonzalez-ruiz","status":"publish","type":"page","link":"https:\/\/somoschori.com\/nuevo\/jorge-david-gonzalez-ruiz\/","title":{"rendered":"JORGE DAVID GONZ\u00c1LEZ RU\u00cdZ"},"content":{"rendered":"\t\t<div data-elementor-type=\"wp-page\" data-elementor-id=\"618\" class=\"elementor elementor-618\">\n\t\t\t\t\t\t<section class=\"elementor-section elementor-top-section elementor-element elementor-element-9683c4e elementor-section-full_width elementor-section-height-default elementor-section-height-default\" data-id=\"9683c4e\" data-element_type=\"section\">\n\t\t\t\t\t\t<div class=\"elementor-container elementor-column-gap-no\">\n\t\t\t\t\t<div class=\"elementor-column elementor-col-100 elementor-top-column elementor-element elementor-element-4db2153\" data-id=\"4db2153\" data-element_type=\"column\">\n\t\t\t<div class=\"elementor-widget-wrap elementor-element-populated\">\n\t\t\t\t\t\t<div class=\"elementor-element elementor-element-cb1f1f2 elementor-widget elementor-widget-tastyc-about-me\" data-id=\"cb1f1f2\" data-element_type=\"widget\" data-widget_type=\"tastyc-about-me.default\">\n\t\t\t\t<div class=\"elementor-widget-container\">\n\t\t\t\t\t\n\t\t<!-- container -->\n\t\t<div class=\"container\">\n\n\t\t<div class=\"row align-items-center flex-sm-row-reverse\">\n\n\t\t<div class=\"col-lg-6\">\n\n\t\t<!-- about text -->\n\t\t<div class=\"tst-mb-60\">\n\t\t  \t\t  <div class=\"tst-suptitle tst-mb-15\">\n\t\t  \t<span >\n\t\t\t\tCHORI CHEF\t\t\t<\/span>\n\t\t  <\/div>\n\t\t  \t\t  \t\t  <h3 class=\"tst-mb-30\">\n\t\t  \t<span >\n\t\t\t\tJORGE GONZ\u00c1LEZ\t\t\t<\/span>\n\t\t  <\/h3>\n\t\t  \t\t  \t\t  <div class=\"tst-text tst-mb-30\">\n\t\t  \t<div >\n\t\t\t  \t<p>Jorge Gonz\u00e1lez naci\u00f3 en Barranquilla, Colombia. Es Economista de profesi\u00f3n, pero desde muy peque\u00f1o ha sido inquieto por la cocina, lo que lo llev\u00f3 a siempre estar experimentando con nuevos sabores y creaciones culinarias para su familia y amigos.<\/p><p><br \/>Motivado por su desilusi\u00f3n laboral, Jorge decidi\u00f3 un d\u00eda comprar un asador y en la puerta de su casa inici\u00f3 vendiendo chorizos, choripanes, rellenitos y pizzas, todos con el sello que siempre lo ha identificado a \u00e9l en la cocina: la creatividad.<\/p><p><br \/>\u00c9l mismo se describe como un necio y curioso por conocer y explorar nuevos sabores, esto tal vez, es lo que ha ayudado a que el CHORI de hoy tenga tanta variedad en su cocina y permita que muchos de nuestros clientes se identifiquen y enamoren de nuestros platos.<\/p><p><br \/>Su sue\u00f1o de ni\u00f1o hoy est\u00e1 tomando forma y lo que inici\u00f3 con un peque\u00f1o asador, hoy se ha multiplicado tanto en equipos de cocina, como en personas trabajando de su mano para seguir haciendo realidad todas sus locuras gastron\u00f3micas.<\/p>\t\t\t<\/div>\n\t\t  <\/div>\n\t\t  \t\t  \t\t  \t\t  <div class=\"tst-member-social socials-inline\">\n\t\t    \t\t    <a href=\"https:\/\/instagram.com\" target=\"_blank\" title=\"Instagram\" class=\"tst-icon-link\">\n\t\t\t  <i aria-hidden=\"true\" class=\"fab fa-instagram\"><\/i>\t\t    <\/a>\n\t\t    \t\t    <a href=\"https:\/\/youtube.com\" target=\"_blank\" title=\"Youtube\" class=\"tst-icon-link\">\n\t\t\t  <i aria-hidden=\"true\" class=\"fab fa-youtube\"><\/i>\t\t    <\/a>\n\t\t    \t\t    <a href=\"https:\/\/facebook.com\" target=\"_blank\" title=\"Facebook\" class=\"tst-icon-link\">\n\t\t\t  <i aria-hidden=\"true\" class=\"fab fa-facebook-f\"><\/i>\t\t    <\/a>\n\t\t    \t\t    <a href=\"https:\/\/twitter.com\" target=\"_blank\" title=\"Twitter\" class=\"tst-icon-link\">\n\t\t\t  <i aria-hidden=\"true\" class=\"fab fa-twitter\"><\/i>\t\t    <\/a>\n\t\t    \t\t  <\/div>\n\t\t  \t\t<\/div>\n\t\t<!-- about text end -->\n\n\t\t<\/div>\n\n\t\t<div class=\"col-lg-6\">\n\n\t\t<!-- about image -->\n\t\t<div class=\"tst-about-cover tst-mb-60\">\n\t\t\t\t<img decoding=\"async\" src=\"https:\/\/somoschori.com\/nuevo\/wp-content\/uploads\/2023\/03\/Jorge-David-Gonzalez_950-x-1188-px.jpg\" alt=\"CHORI CHEF\" class=\"tst-cover p-top\">\n\t\t\t\t<\/div>\n\t\t<!-- about image end -->\n\n\t\t<\/div>\n\n\t\t<\/div>\n\n\t\t<div class=\"tst-spacer tst-spacer-only-bottom-space\"><\/div>\n\n\t\t<\/div>\n\t\t<!-- container end -->\n\n\t\t\t\t\t\t<\/div>\n\t\t\t\t<\/div>\n\t\t\t\t\t<\/div>\n\t\t<\/div>\n\t\t\t\t\t<\/div>\n\t\t<\/section>\n\t\t\t\t<\/div>\n\t\t","protected":false},"excerpt":{"rendered":"<p>CHORI CHEF JORGE GONZ\u00c1LEZ Jorge Gonz\u00e1lez naci\u00f3 en Barranquilla, Colombia. Es Economista de profesi\u00f3n, pero desde muy peque\u00f1o ha sido&#8230; <span class=\"tst-el-more\"><a href=\"https:\/\/somoschori.com\/nuevo\/jorge-david-gonzalez-ruiz\/\" class=\"tst-label tst-color tst-anima-link\">Read more<\/a><\/span><\/p>\n","protected":false},"author":2,"featured_media":0,"parent":0,"menu_order":0,"comment_status":"closed","ping_status":"closed","template":"template-layout-builder.php","meta":{"_acf_changed":false,"inline_featured_image":false,"footnotes":""},"class_list":["post-618","page","type-page","status-publish","hentry"],"acf":[],"jetpack_sharing_enabled":true,"_links":{"self":[{"href":"https:\/\/somoschori.com\/nuevo\/wp-json\/wp\/v2\/pages\/618","targetHints":{"allow":["GET"]}}],"collection":[{"href":"https:\/\/somoschori.com\/nuevo\/wp-json\/wp\/v2\/pages"}],"about":[{"href":"https:\/\/somoschori.com\/nuevo\/wp-json\/wp\/v2\/types\/page"}],"author":[{"embeddable":true,"href":"https:\/\/somoschori.com\/nuevo\/wp-json\/wp\/v2\/users\/2"}],"replies":[{"embeddable":true,"href":"https:\/\/somoschori.com\/nuevo\/wp-json\/wp\/v2\/comments?post=618"}],"version-history":[{"count":29,"href":"https:\/\/somoschori.com\/nuevo\/wp-json\/wp\/v2\/pages\/618\/revisions"}],"predecessor-version":[{"id":4800,"href":"https:\/\/somoschori.com\/nuevo\/wp-json\/wp\/v2\/pages\/618\/revisions\/4800"}],"wp:attachment":[{"href":"https:\/\/somoschori.com\/nuevo\/wp-json\/wp\/v2\/media?parent=618"}],"curies":[{"name":"wp","href":"https:\/\/api.w.org\/{rel}","templated":true}]}}