{"id":624,"date":"2021-05-06T09:17:43","date_gmt":"2021-05-06T14:17:43","guid":{"rendered":"https:\/\/bslthemes.com\/tastyc\/?page_id=624"},"modified":"2024-08-25T11:56:42","modified_gmt":"2024-08-25T16:56:42","slug":"contactanos","status":"publish","type":"page","link":"https:\/\/somoschori.com\/nuevo\/contactanos\/","title":{"rendered":"CONT\u00c1CTANOS"},"content":{"rendered":"\t\t<div data-elementor-type=\"wp-page\" data-elementor-id=\"624\" class=\"elementor elementor-624\">\n\t\t\t\t\t\t<section class=\"elementor-section elementor-top-section elementor-element elementor-element-7b610a50 elementor-section-full_width elementor-section-height-default elementor-section-height-default\" data-id=\"7b610a50\" data-element_type=\"section\">\n\t\t\t\t\t\t<div class=\"elementor-container elementor-column-gap-no\">\n\t\t\t\t\t<div class=\"elementor-column elementor-col-100 elementor-top-column elementor-element elementor-element-c00be7\" data-id=\"c00be7\" data-element_type=\"column\">\n\t\t\t<div class=\"elementor-widget-wrap elementor-element-populated\">\n\t\t\t\t\t\t<div class=\"elementor-element elementor-element-2c42bf1f elementor-widget elementor-widget-tastyc-services\" data-id=\"2c42bf1f\" data-element_type=\"widget\" data-widget_type=\"tastyc-services.default\">\n\t\t\t\t<div class=\"elementor-widget-container\">\n\t\t\t\t\t\n\t\t<!-- container -->\n\t\t<div class=\"container\">\n\n\t\t<div class=\"row\">\n\t\t            <div class=\"col-lg-12\">\n\n            <!-- title -->\n            <div class=\"text-center\">\n                            <div class=\"tst-suptitle tst-suptitle-center tst-mb-15\">\n              \t<span >\n\t\t          \t\u00bfTienes inquietudes?\t\t        <\/span>\n              <\/div>\n                                          <h3 class=\"tst-title--h tst-mb-30\">\n              \t<span >\n\t\t          \tCONT\u00c1CTANOS\t\t        <\/span>\n              <\/h3>\n                                          <p class=\"tst-text tst-title--desc tst-mb-60\">\n              \t<span >\n\t\t          \tAtenderemos tus necesidades en el menor tiempo posible\t\t        <\/span>\n              <\/p>\n                          <\/div>\n            <!-- title end -->\n\n          <\/div>\n          \n          \t\t            <div class=\"col-lg-4\">\n\n            <!-- icon box -->\n            <div class=\"tst-icon-box tst-mb-60\">\n                            <img decoding=\"async\" src=\"https:\/\/somoschori.com\/nuevo\/wp-content\/uploads\/2022\/08\/icon-contact-email-w.png\" alt=\"\" class=\"tst-mb-30\" \/>\n                                          <h5 class=\"tst-mb-30\">\n              \t<span >\n\t        \t\tCORREO ELECTR\u00d3NICO\t        \t<\/span>\n              <\/h5>\n                                          <div class=\"tst-text\">\n              \t<div >\n\t        \t\t<p><a href=\"mailto:info@somoschori.com\">info@somoschori.com<\/a><\/p>\t        \t<\/div>\n              <\/div>\n                          <\/div>\n            <!-- icon box end -->\n\n          <\/div>\n                    <div class=\"col-lg-4\">\n\n            <!-- icon box -->\n            <div class=\"tst-icon-box tst-mb-60\">\n                            <img decoding=\"async\" src=\"https:\/\/somoschori.com\/nuevo\/wp-content\/uploads\/2022\/08\/icon-contact-tel-w.png\" alt=\"\" class=\"tst-mb-30\" \/>\n                                          <h5 class=\"tst-mb-30\">\n              \t<span >\n\t        \t\tTEL\u00c9FONO\t        \t<\/span>\n              <\/h5>\n                                          <div class=\"tst-text\">\n              \t<div >\n\t        \t\t<a href=\"tel:+573017745671\">+57 301 774 5671<\/a>\t        \t<\/div>\n              <\/div>\n                          <\/div>\n            <!-- icon box end -->\n\n          <\/div>\n                    <div class=\"col-lg-4\">\n\n            <!-- icon box -->\n            <div class=\"tst-icon-box tst-mb-60\">\n                            <img decoding=\"async\" src=\"https:\/\/somoschori.com\/nuevo\/wp-content\/uploads\/2022\/08\/icon-contact-adr-w.png\" alt=\"\" class=\"tst-mb-30\" \/>\n                                          <h5 class=\"tst-mb-30\">\n              \t<span >\n\t        \t\tUBICACI\u00d3N\t        \t<\/span>\n              <\/h5>\n                                          <div class=\"tst-text\">\n              \t<div >\n\t        \t\t<a href=\"https:\/\/goo.gl\/maps\/7BThceRbGkJZqCa68\" target=\"_blank\" rel=\"noopener\">Cra. 50 #84-16 Local 1 , Riomar, Barranquilla, Atl\u00e1ntico<\/a>\t        \t<\/div>\n              <\/div>\n                          <\/div>\n            <!-- icon box end -->\n\n          <\/div>\n                    \n        <\/div>\n\n        <div class=\"tst-spacer tst-spacer-only-bottom-space\"><\/div>\n\n\t\t<\/div>\n\t\t<!-- container end -->\n\n\t\t\t\t\t\t<\/div>\n\t\t\t\t<\/div>\n\t\t\t\t\t<\/div>\n\t\t<\/div>\n\t\t\t\t\t<\/div>\n\t\t<\/section>\n\t\t\t\t<section class=\"elementor-section elementor-top-section elementor-element elementor-element-db94581 elementor-section-full_width elementor-section-height-default elementor-section-height-default\" data-id=\"db94581\" data-element_type=\"section\">\n\t\t\t\t\t\t<div class=\"elementor-container elementor-column-gap-no\">\n\t\t\t\t\t<div class=\"elementor-column elementor-col-100 elementor-top-column elementor-element elementor-element-c1160d2\" data-id=\"c1160d2\" data-element_type=\"column\">\n\t\t\t<div class=\"elementor-widget-wrap elementor-element-populated\">\n\t\t\t\t\t\t<div class=\"elementor-element elementor-element-ac1b8dc elementor-widget elementor-widget-tastyc-contact-form\" data-id=\"ac1b8dc\" data-element_type=\"widget\" data-widget_type=\"tastyc-contact-form.default\">\n\t\t\t\t<div class=\"elementor-widget-container\">\n\t\t\t\t\t\n\t\t<!-- container -->\n\t\t<div class=\"container\">\n\n\t\t\t<div class=\"row\">\n\n\t\t\t                <div class=\"col-lg-12\">\n                <!-- title -->\n                <div class=\"text-center\">\n                                    <div class=\"tst-suptitle tst-suptitle-center tst-mb-15\">\n                  \t<span >\n\t\t\t          \tFormulario de contacto\t\t\t        <\/span>\n                  <\/div>\n                                                      <h3 class=\"tst-title--h tst-mb-30\">\n                  \t<span >\n\t\t\t          \tESCR\u00cdBENOS TU MENSAJE\t\t\t        <\/span>\n                  <\/h3>\n                                                      <p class=\"tst-text tst-mb-60\">\n                  \t<span >\n\t\t\t          \tEn breve nuestro equipo dar\u00e1 respuesta a tu mensaje\t\t\t        <\/span>\n                  <\/p>\n                                  <\/div>\n                <!-- title end -->\n              <\/div>\n          \t  \n          \t                <div class=\"col-lg-12\">\n                \n<div class=\"wpcf7 no-js\" id=\"wpcf7-f669-o1\" lang=\"en-US\" dir=\"ltr\" data-wpcf7-id=\"669\">\n<div class=\"screen-reader-response\"><p role=\"status\" aria-live=\"polite\" aria-atomic=\"true\"><\/p> <ul><\/ul><\/div>\n<form action=\"\/nuevo\/wp-json\/wp\/v2\/pages\/624#wpcf7-f669-o1\" method=\"post\" class=\"wpcf7-form init\" aria-label=\"Contact form\" novalidate=\"novalidate\" data-status=\"init\">\n<div style=\"display: none;\">\n<input type=\"hidden\" name=\"_wpcf7\" value=\"669\" \/>\n<input type=\"hidden\" name=\"_wpcf7_version\" value=\"6.0.6\" \/>\n<input type=\"hidden\" name=\"_wpcf7_locale\" value=\"en_US\" \/>\n<input type=\"hidden\" name=\"_wpcf7_unit_tag\" value=\"wpcf7-f669-o1\" \/>\n<input type=\"hidden\" name=\"_wpcf7_container_post\" value=\"0\" \/>\n<input type=\"hidden\" name=\"_wpcf7_posted_data_hash\" value=\"\" \/>\n<\/div>\n<div class=\"text-center\">\n <div class=\"row\">\n  <div class=\"col-lg-6\">\n   <span class=\"wpcf7-form-control-wrap\" data-name=\"cf_firstname\"><input size=\"40\" maxlength=\"400\" class=\"wpcf7-form-control wpcf7-text wpcf7-validates-as-required\" aria-required=\"true\" aria-invalid=\"false\" placeholder=\"Nombres\" value=\"\" type=\"text\" name=\"cf_firstname\" \/><\/span>\n  <\/div>\n  <div class=\"col-lg-6\">\n   <span class=\"wpcf7-form-control-wrap\" data-name=\"cf_lastname\"><input size=\"40\" maxlength=\"400\" class=\"wpcf7-form-control wpcf7-text wpcf7-validates-as-required\" aria-required=\"true\" aria-invalid=\"false\" placeholder=\"Apellidos\" value=\"\" type=\"text\" name=\"cf_lastname\" \/><\/span>\n  <\/div>\n  <div class=\"col-lg-6\">\n   <span class=\"wpcf7-form-control-wrap\" data-name=\"cf_phone\"><input size=\"40\" maxlength=\"400\" class=\"wpcf7-form-control wpcf7-tel wpcf7-validates-as-required wpcf7-text wpcf7-validates-as-tel\" aria-required=\"true\" aria-invalid=\"false\" placeholder=\"Tel\u00e9fono\" value=\"\" type=\"tel\" name=\"cf_phone\" \/><\/span>\n  <\/div>\n  <div class=\"col-lg-6\">\n   <span class=\"wpcf7-form-control-wrap\" data-name=\"cf_email\"><input size=\"40\" maxlength=\"400\" class=\"wpcf7-form-control wpcf7-email wpcf7-validates-as-required wpcf7-text wpcf7-validates-as-email\" aria-required=\"true\" aria-invalid=\"false\" placeholder=\"Correo electr\u00f3nico\" value=\"\" type=\"email\" name=\"cf_email\" \/><\/span>\n  <\/div>\n  <div class=\"col-lg-12\">\n   <span class=\"wpcf7-form-control-wrap\" data-name=\"cf_text\"><textarea cols=\"40\" rows=\"10\" maxlength=\"2000\" class=\"wpcf7-form-control wpcf7-textarea wpcf7-validates-as-required\" aria-required=\"true\" aria-invalid=\"false\" placeholder=\"Mensaje\" name=\"cf_text\"><\/textarea><\/span>\n  <\/div>\n <\/div>\n <button class=\"tst-btn\" type=\"submit\" name=\"button\">Enviar<\/button>\n<\/div><div class=\"wpcf7-response-output\" aria-hidden=\"true\"><\/div>\n<\/form>\n<\/div>\n              <\/div>\n              \n            <\/div>\n\n        <\/div>\n\n\t\t<!-- container end -->\n\n\t\t\t\t\t\t<\/div>\n\t\t\t\t<\/div>\n\t\t\t\t\t<\/div>\n\t\t<\/div>\n\t\t\t\t\t<\/div>\n\t\t<\/section>\n\t\t\t\t<section class=\"elementor-section elementor-top-section elementor-element elementor-element-5c7b9a20 elementor-section-full_width elementor-section-height-default elementor-section-height-default\" data-id=\"5c7b9a20\" data-element_type=\"section\">\n\t\t\t\t\t\t<div class=\"elementor-container elementor-column-gap-no\">\n\t\t\t\t\t<div class=\"elementor-column elementor-col-100 elementor-top-column elementor-element elementor-element-11ee22\" data-id=\"11ee22\" data-element_type=\"column\">\n\t\t\t<div class=\"elementor-widget-wrap elementor-element-populated\">\n\t\t\t\t\t\t<div class=\"elementor-element elementor-element-4a57ffad elementor-widget elementor-widget-tastyc-subscribe-form\" data-id=\"4a57ffad\" data-element_type=\"widget\" data-widget_type=\"tastyc-subscribe-form.default\">\n\t\t\t\t<div class=\"elementor-widget-container\">\n\t\t\t\t\t\n\t\t<!-- container -->\n\t\t<div class=\"container\">\n\n\t\t<div class=\"tst-banner-sm\">\n                    <div class=\"tst-cover-frame\">\n          \t            <img decoding=\"async\" src=\"https:\/\/somoschori.com\/nuevo\/wp-content\/uploads\/2023\/04\/Boletin-de-noticias.jpg\" alt=\"Bolet\u00edn de noticias\" class=\"tst-cover\">\n        \t            <div class=\"tst-overlay\"><\/div>\n          <\/div>\n                    <div class=\"row align-items-center\">\n            <div class=\"col-lg-12\">\n              <div class=\"tst-text-frame text-center\">\n              \t                <div class=\"tst-suptitle tst-suptitle-mobile-center tst-suptitle-center tst-text-shadow tst-white-2 tst-mb-15\">\n                \t<span >\n\t\t          \t\tBolet\u00edn de noticias\t\t         \t<\/span>\n                <\/div>\n                                                <h3 class=\"tst-title--h tst-white-2 tst-text-shadow tst-mb-30\">\n            \t\t<span >\n\t\t          \t\tSUSCR\u00cdBETE A NUESTRO<br>BOLET\u00cdN DE NOTICIAS\t\t         \t<\/span>\n            \t<\/h3>\n            \t                                <p class=\"tst-text tst-white-2 tst-text-shadow tst-mb-30\">\n                \t<span >\n\t\t          \t\tTodas las novedades de eventos y promociones\t\t         \t<\/span>\n                <\/p>\n                                                \t\n<div class=\"wpcf7 no-js\" id=\"wpcf7-f368-o2\" lang=\"en-US\" dir=\"ltr\" data-wpcf7-id=\"368\">\n<div class=\"screen-reader-response\"><p role=\"status\" aria-live=\"polite\" aria-atomic=\"true\"><\/p> <ul><\/ul><\/div>\n<form action=\"\/nuevo\/wp-json\/wp\/v2\/pages\/624#wpcf7-f368-o2\" method=\"post\" class=\"wpcf7-form init\" aria-label=\"Contact form\" novalidate=\"novalidate\" data-status=\"init\">\n<div style=\"display: none;\">\n<input type=\"hidden\" name=\"_wpcf7\" value=\"368\" \/>\n<input type=\"hidden\" name=\"_wpcf7_version\" value=\"6.0.6\" \/>\n<input type=\"hidden\" name=\"_wpcf7_locale\" value=\"en_US\" \/>\n<input type=\"hidden\" name=\"_wpcf7_unit_tag\" value=\"wpcf7-f368-o2\" \/>\n<input type=\"hidden\" name=\"_wpcf7_container_post\" value=\"0\" \/>\n<input type=\"hidden\" name=\"_wpcf7_posted_data_hash\" value=\"\" \/>\n<\/div>\n<span class=\"wpcf7-form-control-wrap\" data-name=\"sf_email\"><input size=\"40\" maxlength=\"400\" class=\"wpcf7-form-control wpcf7-email wpcf7-validates-as-required wpcf7-text wpcf7-validates-as-email\" aria-required=\"true\" aria-invalid=\"false\" placeholder=\"Ingresa tu correo electr\u00f3nico\" value=\"\" type=\"email\" name=\"sf_email\" \/><\/span>\n<button class=\"tst-btn\" type=\"submit\">Suscribirme<\/button><div class=\"wpcf7-response-output\" aria-hidden=\"true\"><\/div>\n<\/form>\n<\/div>\n                              <\/div>\n            <\/div>\n          <\/div>\n        <\/div>\n\n\t\t<\/div>\n\t\t<!-- container end -->\n\n\t\t\t\t\t\t<\/div>\n\t\t\t\t<\/div>\n\t\t\t\t\t<\/div>\n\t\t<\/div>\n\t\t\t\t\t<\/div>\n\t\t<\/section>\n\t\t\t\t<\/div>\n\t\t","protected":false},"excerpt":{"rendered":"<p>\u00bfTienes inquietudes? CONT\u00c1CTANOS Atenderemos tus necesidades en el menor tiempo posible CORREO ELECTR\u00d3NICO info@somoschori.com TEL\u00c9FONO +57 301 774 5671 UBICACI\u00d3N&#8230; <span class=\"tst-el-more\"><a href=\"https:\/\/somoschori.com\/nuevo\/contactanos\/\" class=\"tst-label tst-color tst-anima-link\">Read more<\/a><\/span><\/p>\n","protected":false},"author":2,"featured_media":0,"parent":0,"menu_order":0,"comment_status":"closed","ping_status":"closed","template":"template-layout-builder.php","meta":{"_acf_changed":false,"inline_featured_image":false,"footnotes":""},"class_list":["post-624","page","type-page","status-publish","hentry"],"acf":[],"jetpack_sharing_enabled":true,"_links":{"self":[{"href":"https:\/\/somoschori.com\/nuevo\/wp-json\/wp\/v2\/pages\/624","targetHints":{"allow":["GET"]}}],"collection":[{"href":"https:\/\/somoschori.com\/nuevo\/wp-json\/wp\/v2\/pages"}],"about":[{"href":"https:\/\/somoschori.com\/nuevo\/wp-json\/wp\/v2\/types\/page"}],"author":[{"embeddable":true,"href":"https:\/\/somoschori.com\/nuevo\/wp-json\/wp\/v2\/users\/2"}],"replies":[{"embeddable":true,"href":"https:\/\/somoschori.com\/nuevo\/wp-json\/wp\/v2\/comments?post=624"}],"version-history":[{"count":51,"href":"https:\/\/somoschori.com\/nuevo\/wp-json\/wp\/v2\/pages\/624\/revisions"}],"predecessor-version":[{"id":5553,"href":"https:\/\/somoschori.com\/nuevo\/wp-json\/wp\/v2\/pages\/624\/revisions\/5553"}],"wp:attachment":[{"href":"https:\/\/somoschori.com\/nuevo\/wp-json\/wp\/v2\/media?parent=624"}],"curies":[{"name":"wp","href":"https:\/\/api.w.org\/{rel}","templated":true}]}}