{"id":5791,"date":"2025-08-12T19:30:32","date_gmt":"2025-08-13T00:30:32","guid":{"rendered":"https:\/\/somoschori.com\/nuevo\/?post_type=product&#038;p=5791"},"modified":"2025-11-28T10:13:44","modified_gmt":"2025-11-28T15:13:44","slug":"choripan-miti-miti","status":"publish","type":"product","link":"https:\/\/somoschori.com\/nuevo\/tienda\/choripanes\/choripan-miti-miti\/","title":{"rendered":"Chorip\u00e1n Miti-Miti"},"content":{"rendered":"","protected":false},"excerpt":{"rendered":"<p>La combinaci\u00f3n perfecta de nuestro chorip\u00e1n argentino (con chimi) y nuestro chorip\u00e1n de la casa (bbq, t\u00e1rtara, chimi y pico de gallo) \u00a1Los m\u00e1s pedidos juntos!<\/p>\n","protected":false},"featured_media":5792,"comment_status":"open","ping_status":"closed","template":"","meta":{"_acf_changed":false,"inline_featured_image":false},"product_brand":[],"product_cat":[53],"product_tag":[],"class_list":{"0":"post-5791","1":"product","2":"type-product","3":"status-publish","4":"has-post-thumbnail","6":"product_cat-choripanes","8":"first","9":"instock","10":"taxable","11":"shipping-taxable","12":"purchasable","13":"product-type-simple"},"acf":[],"jetpack_sharing_enabled":true,"_links":{"self":[{"href":"https:\/\/somoschori.com\/nuevo\/wp-json\/wp\/v2\/product\/5791","targetHints":{"allow":["GET"]}}],"collection":[{"href":"https:\/\/somoschori.com\/nuevo\/wp-json\/wp\/v2\/product"}],"about":[{"href":"https:\/\/somoschori.com\/nuevo\/wp-json\/wp\/v2\/types\/product"}],"replies":[{"embeddable":true,"href":"https:\/\/somoschori.com\/nuevo\/wp-json\/wp\/v2\/comments?post=5791"}],"wp:featuredmedia":[{"embeddable":true,"href":"https:\/\/somoschori.com\/nuevo\/wp-json\/wp\/v2\/media\/5792"}],"wp:attachment":[{"href":"https:\/\/somoschori.com\/nuevo\/wp-json\/wp\/v2\/media?parent=5791"}],"wp:term":[{"taxonomy":"product_brand","embeddable":true,"href":"https:\/\/somoschori.com\/nuevo\/wp-json\/wp\/v2\/product_brand?post=5791"},{"taxonomy":"product_cat","embeddable":true,"href":"https:\/\/somoschori.com\/nuevo\/wp-json\/wp\/v2\/product_cat?post=5791"},{"taxonomy":"product_tag","embeddable":true,"href":"https:\/\/somoschori.com\/nuevo\/wp-json\/wp\/v2\/product_tag?post=5791"}],"curies":[{"name":"wp","href":"https:\/\/api.w.org\/{rel}","templated":true}]}}